{"id":18,"date":"2022-02-06T17:39:01","date_gmt":"2022-02-06T16:39:01","guid":{"rendered":"http:\/\/www.elun.sk\/?page_id=18"},"modified":"2022-02-07T08:04:28","modified_gmt":"2022-02-07T07:04:28","slug":"o-nas","status":"publish","type":"page","link":"http:\/\/www.elun.sk\/?page_id=18","title":{"rendered":"O n\u00e1s"},"content":{"rendered":"\n<p>Firma ELUN sa V\u00e1m predstavuje ako V\u00e1\u0161 partner v oblasti elektromont\u00e1\u017enych a sadrokarton\u00e1rskych pr\u00e1c. Na\u0161a spolo\u010dnos\u0165 vznikla v roku 1989. Uskuto\u010dnili sme mno\u017estvo z\u00e1kaziek, ktor\u00e9 vykon\u00e1vame na z\u00e1klade po\u017eiadaviek na\u0161ich klientov na \u00fazem\u00ed cel\u00e9ho Slovenska.<\/p>\n\n\n\n<p>V roku 2002 sme sa pretransformovali na spolo\u010dnos\u0165 s ru\u010den\u00edm obmedzen\u00edm. Cie\u013eom na\u0161ej spolo\u010dnosti je dosiahnu\u0165 maxim\u00e1lnu spokojnos\u0165 na\u0161ich z\u00e1kazn\u00edkov, preto ver\u00edme, \u017ee sa staneme t\u00fdm prav\u00fdm obchodn\u00fdm partnerom aj pre Va\u0161e podnikanie.<br><\/p>\n\n\n\n<h2 class=\"wp-block-heading\" id=\"referencie\">Referencie<\/h2>\n\n\n\n<p>&#8211; skladov\u00e9 priestory + firmen\u00e1 predaj\u0148a fi. DECODOM, Topo\u013e\u010dany<br><br>&#8211; autocentrum FORD AUTO KOI\u0160, B\u00e1novce nad Bebravou<br><br>&#8211; autocentrum FORD AUTO KOI\u0160, Tren\u010d\u00edn<br><br>&#8211; autocentrum AUTO MANN, Nitra<br><br>&#8211; v\u00fdrobn\u00e1 hala fi. HELLA, B\u00e1novce nad Bebravou<br><br>&#8211; v\u00fdrobn\u00e1 hala fi. HELLA, Rakoluby<br><br>&#8211; v\u00fdrobn\u00e1 hala fi. JOHNSON CONTROLS, Lu\u010denec<br><br>&#8211; v\u00fdrobn\u00e1 hala fi. POETTINGER, B\u00e1novce nad Bebravou<br><br>&#8211; v\u00fdrobn\u00e1 hala fi. LKW KOMPONENTEN MAN, B\u00e1novce n\/Bebr.<br><br>&#8211; v\u00fdrobn\u00e1 hala fi. DIW, B\u00e1novce nad Bebravou<br><br>&#8211; v\u00fdrobn\u00e1 hala fi. GABOR, B\u00e1novce nad Bebravou<br><br>&#8211; administrat\u00edvn\u00e1 budova fi. COCA COLA, Bratislava<br><br>&#8211; Da\u0148ov\u00fd \u00farad, Topo\u013e\u010dany<br><br>&#8211; rekon\u0161trukcia Dom soci\u00e1lnych slu\u017eieb, Topo\u013e\u010dany<br><br>&#8211; rekon\u0161trukcia PO\u0160TA, Partiz\u00e1nske<br><br>&#8211; rekon\u0161trukcia PO\u0160TA, Bansk\u00e1 Bystrica<br><br>&#8211; rekon\u0161trukcia PO\u0160TA, Bratislava<br><br>&#8211; rekon\u0161trukcia PO\u0160TA, Tren\u010d\u00edn<br><br>&#8211; rekon\u0161trukcia Matersk\u00e1 \u0161kola, Topo\u013e\u010dany<br><br>&#8211; rekon\u0161trukcia Z\u00e1kladn\u00e1 \u0161kola, Krajn\u00e9<br><br>&#8211; rekon\u0161trukcia Piaristick\u00e1 \u0161kola, Prievidza<br><br>&#8211; rekon\u0161trukcia 2. poschodia Nemocnica Kram\u00e1re, Bratislava<br><br>&#8211; rekon\u0161trukcia 27. poschodia V\u00daB banka, Bratislava<br><br>&#8211; \u010cS AGIP + kancel\u00e1rske priestory, B\u00e1novce nad Bebravou<br><br>&#8211; TESCO Lama\u010d, Bratislava<br><br>&#8211; Domov d\u00f4chodcov, Kr\u00e1sna Ves<br><br>&#8211; SLOVNAFT, Bratislava<br><br>&#8211; 24 bytov\u00e1 jednotka, Dubnica nad V\u00e1hom<br><br>&#8211; 54 bytov\u00e1 jednotka, Dubnica nad V\u00e1hom<br><br>a mnoho \u010fal\u0161\u00edch<\/p>\n","protected":false},"excerpt":{"rendered":"<p>Firma ELUN sa V\u00e1m predstavuje ako V\u00e1\u0161 partner v oblasti elektromont\u00e1\u017enych a sadrokarton\u00e1rskych pr\u00e1c. Na\u0161a spolo\u010dnos\u0165 vznikla v roku 1989. Uskuto\u010dnili sme mno\u017estvo z\u00e1kaziek, ktor\u00e9 vykon\u00e1vame na z\u00e1klade po\u017eiadaviek na\u0161ich klientov na \u00fazem\u00ed cel\u00e9ho Slovenska. V roku 2002 sme sa &hellip;<\/p>\n<p class=\"read-more\"> <a class=\"more-link\" href=\"http:\/\/www.elun.sk\/?page_id=18\"> <span class=\"screen-reader-text\">O n\u00e1s<\/span> \u010c\u00edta\u0165 \u010falej &raquo;<\/a><\/p>\n","protected":false},"author":1,"featured_media":0,"parent":0,"menu_order":3,"comment_status":"closed","ping_status":"closed","template":"","meta":{"footnotes":""},"class_list":["post-18","page","type-page","status-publish","hentry"],"jetpack_sharing_enabled":true,"jetpack_likes_enabled":true,"_links":{"self":[{"href":"http:\/\/www.elun.sk\/index.php?rest_route=\/wp\/v2\/pages\/18","targetHints":{"allow":["GET"]}}],"collection":[{"href":"http:\/\/www.elun.sk\/index.php?rest_route=\/wp\/v2\/pages"}],"about":[{"href":"http:\/\/www.elun.sk\/index.php?rest_route=\/wp\/v2\/types\/page"}],"author":[{"embeddable":true,"href":"http:\/\/www.elun.sk\/index.php?rest_route=\/wp\/v2\/users\/1"}],"replies":[{"embeddable":true,"href":"http:\/\/www.elun.sk\/index.php?rest_route=%2Fwp%2Fv2%2Fcomments&post=18"}],"version-history":[{"count":5,"href":"http:\/\/www.elun.sk\/index.php?rest_route=\/wp\/v2\/pages\/18\/revisions"}],"predecessor-version":[{"id":57,"href":"http:\/\/www.elun.sk\/index.php?rest_route=\/wp\/v2\/pages\/18\/revisions\/57"}],"wp:attachment":[{"href":"http:\/\/www.elun.sk\/index.php?rest_route=%2Fwp%2Fv2%2Fmedia&parent=18"}],"curies":[{"name":"wp","href":"https:\/\/api.w.org\/{rel}","templated":true}]}}