{"id":21,"date":"2022-02-06T18:06:14","date_gmt":"2022-02-06T17:06:14","guid":{"rendered":"http:\/\/www.elun.sk\/?page_id=21"},"modified":"2022-02-13T18:08:14","modified_gmt":"2022-02-13T17:08:14","slug":"sluzby","status":"publish","type":"page","link":"http:\/\/www.elun.sk\/?page_id=21","title":{"rendered":"Slu\u017eby"},"content":{"rendered":"\n<p>Hlavn\u00e1 \u010dinnos\u0165 na\u0161ej spolo\u010dnosti je zameran\u00e1 elektromont\u00e1\u017ene pr\u00e1ce. Za viac, ako 30 rokov \u010dinnosti si vybudovala t\u00fdm \u0161pi\u010dkov\u00fdch odborn\u00edkov, rev\u00edznych technikov a pracovn\u00edkov s kvalitn\u00fdm technick\u00fdm vybaven\u00edm. Toto v\u0161etko n\u00e1m umo\u017e\u0148uje poskytova\u0165 slu\u017eby na \u0161pi\u010dkovej \u00farovni.<br><br>Nev\u00e1hajte n\u00e1s oslovi\u0165 ako V\u00e1\u0161ho dod\u00e1vatela, ak potrebujete zrealizova\u0165:<br><br>\u2022 Elektroin\u0161tal\u00e1cie v ob\u010diansk\u00fdch a priemyseln\u00fdch budov\u00e1ch a hal\u00e1ch triedy A a B<br><br>\u2022 Elektrick\u00e9 pr\u00edpojky<br><br>\u2022 Slebopr\u00fadov\u00e9 rozvody<br><br>\u2022 Ant\u00e9nne a telev\u00edzne rozvody<br><br>\u2022 V\u00fdrobu bytov\u00fdch rozv\u00e1dza\u010dov<br><br>\u2022 Odstra\u0148ovanie porev\u00edznych z\u00e1vad elektroin\u0161tal\u00e1cii a bleskozvodov<br><br>\u2022 meranie intenzity osvetlenia<br><br>\u2022 mont\u00e1\u017e vysoko\u00fasporn\u00fdch svietidiel vo v\u00fdrobnych hal\u00e1ch a administrat\u00edvnych budov\u00e1ch<br><br>\u2022 Rev\u00edzie elektroin\u0161tal\u00e1cie<br><br>\u2022 Elektrick\u00e9 podlahov\u00e9 vykurovanie<br><br>\u2022 Mont\u00e1\u017e s\u00e1drokart\u00f3nu<\/p>\n\n\n\n<p>Ke\u010f\u017ee ve\u013ea z\u00e1kazn\u00edkov sa nevie zorientova\u0165 v cen\u00e1ch za materi\u00e1l a mont\u00e1\u017e elektroin\u0161tal\u00e1cie, pon\u00fakame V\u00e1m vypracovanie nez\u00e1vislej cenovej ponuky na pripravovan\u00e9 z\u00e1kazky.<br><br>D\u00e1vame V\u00e1m do pozornosti aj n\u00e1\u0161 obchod s elektroin\u0161tala\u010dn\u00fdm materi\u00e1lom, v ktorom nak\u00fapite tovar za n\u00edzke ceny, aj s dopravou materi\u00e1lu a\u017e k V\u00e1m, resp. na stavbu.<\/p>\n\n\n\n<p>Na elektroin\u0161tal\u00e1ciach a bleskozvodoch, tak isto ako na in\u00fdch zariadeniach sa \u010dasom vyskytuj\u00fa z\u00e1vady, ktor\u00e9 niekedy br\u00e1nia plnohodnotn\u00e9mu a hlavne bezpe\u010dn\u00e9mu u\u017e\u00edvaniu. Tieto z\u00e1vady sa naj\u010dastej\u0161ie preuk\u00e1\u017eu pri pravideln\u00fdch rev\u00edziach. V r\u00e1mci skvalitnenia na\u0161\u00edch slu\u017eieb pon\u00fakame na\u0161\u00edm z\u00e1kazn\u00edkom aj slu\u017ebu na odstra\u0148ovanie porev\u00edznych z\u00e1vad na elektroin\u0161tal\u00e1ciach. Pou\u017e\u00edvame pri tom aj profesion\u00e1lnu termov\u00edznu kameru TESTO 875-1i, s ktorou sa d\u00e1 najr\u00fdchlej\u0161ie, najzodpovednej\u0161ie a najistej\u0161ie zisti\u0165 poruchov\u00fd stav, alebo po\u0161koden\u00e9 miesto na elektrickom zariaden\u00ed a tak pred\u00eds\u0165 \u0161kod\u00e1m na majetku, preru\u0161en\u00ed v\u00fdroby, alebo v hor\u0161om pr\u00edpade k po\u017eiaru. Nenahradite\u013en\u00fd je tie\u017e pri kontrole stavu v elektrick\u00fdch rozv\u00e1dza\u010doch. Dok\u00e1\u017ee v predstihu zisti\u0165 bl\u00ed\u017eiacu sa poruchu, hlavne povolen\u00fd , resp. nedotiahnut\u00fd spoj, alebo zahrievaj\u00faci sa pr\u00edstroj a tak pred\u00eds\u0165 nepl\u00e1novan\u00e9mu odstaveniu v\u00fdroby. Termov\u00edzne kamery Testo 875-1i je mo\u017en\u00e9 vyu\u017e\u00edva\u0165 pri komplexnom pos\u00faden\u00ed stavu materi\u00e1lov a komponentov. Tak\u00e9to meranie vizualizuje miesta predt\u00fdm, ako nastane hav\u00e1ria \u010di porucha. Pomocou termov\u00edznych kamier Testo sa \u0161etria n\u00e1klady aj v priemyselnej termografii a zvy\u0161uje celkov\u00e1 bezpe\u010dnos\u0165 prev\u00e1dzky.<\/p>\n","protected":false},"excerpt":{"rendered":"<p>Hlavn\u00e1 \u010dinnos\u0165 na\u0161ej spolo\u010dnosti je zameran\u00e1 elektromont\u00e1\u017ene pr\u00e1ce. Za viac, ako 30 rokov \u010dinnosti si vybudovala t\u00fdm \u0161pi\u010dkov\u00fdch odborn\u00edkov, rev\u00edznych technikov a pracovn\u00edkov s kvalitn\u00fdm technick\u00fdm vybaven\u00edm. Toto v\u0161etko n\u00e1m umo\u017e\u0148uje poskytova\u0165 slu\u017eby na \u0161pi\u010dkovej \u00farovni. Nev\u00e1hajte n\u00e1s oslovi\u0165 ako &hellip;<\/p>\n<p class=\"read-more\"> <a class=\"more-link\" href=\"http:\/\/www.elun.sk\/?page_id=21\"> <span class=\"screen-reader-text\">Slu\u017eby<\/span> \u010c\u00edta\u0165 \u010falej &raquo;<\/a><\/p>\n","protected":false},"author":1,"featured_media":0,"parent":0,"menu_order":2,"comment_status":"closed","ping_status":"closed","template":"","meta":{"footnotes":""},"class_list":["post-21","page","type-page","status-publish","hentry"],"jetpack_sharing_enabled":true,"jetpack_likes_enabled":true,"_links":{"self":[{"href":"http:\/\/www.elun.sk\/index.php?rest_route=\/wp\/v2\/pages\/21","targetHints":{"allow":["GET"]}}],"collection":[{"href":"http:\/\/www.elun.sk\/index.php?rest_route=\/wp\/v2\/pages"}],"about":[{"href":"http:\/\/www.elun.sk\/index.php?rest_route=\/wp\/v2\/types\/page"}],"author":[{"embeddable":true,"href":"http:\/\/www.elun.sk\/index.php?rest_route=\/wp\/v2\/users\/1"}],"replies":[{"embeddable":true,"href":"http:\/\/www.elun.sk\/index.php?rest_route=%2Fwp%2Fv2%2Fcomments&post=21"}],"version-history":[{"count":6,"href":"http:\/\/www.elun.sk\/index.php?rest_route=\/wp\/v2\/pages\/21\/revisions"}],"predecessor-version":[{"id":98,"href":"http:\/\/www.elun.sk\/index.php?rest_route=\/wp\/v2\/pages\/21\/revisions\/98"}],"wp:attachment":[{"href":"http:\/\/www.elun.sk\/index.php?rest_route=%2Fwp%2Fv2%2Fmedia&parent=21"}],"curies":[{"name":"wp","href":"https:\/\/api.w.org\/{rel}","templated":true}]}}