{"id":24,"date":"2022-02-06T18:09:48","date_gmt":"2022-02-06T17:09:48","guid":{"rendered":"http:\/\/www.elun.sk\/?page_id=24"},"modified":"2022-02-06T21:59:07","modified_gmt":"2022-02-06T20:59:07","slug":"iron-man","status":"publish","type":"page","link":"http:\/\/www.elun.sk\/?page_id=24","title":{"rendered":"Osobn\u00fd profil"},"content":{"rendered":"\n<p>Na \u00favod by som chcel poznamena\u0165, \u017ee t\u00fato podstr\u00e1nku s mojim profilom, som sa rozhodol zriadi\u0165 za \u00fa\u010delom obozn\u00e1menia priate\u013eov, obchodn\u00fdch partnerov a aj pr\u00edle\u017eitostn\u00fdch n\u00e1v\u0161tevn\u00edkov www.elun.sk s mojimi \u0161portov\u00fdmi aktivitami a trochu aj s propag\u00e1ciou tak\u00e9ho kr\u00e1sneho, ale n\u00e1ro\u010dn\u00e9ho \u0161portu, ak\u00fdm je triatlon, ale hlavne Ironman, ktor\u00fd je mojou ve\u013ekou z\u00e1\u013eubou a aj pote\u0161en\u00edm. Aj ke\u010f po niektor\u00fdch pretekoch to a\u017e tak nevyzer\u00e1, lep\u0161ie povedan\u00e9 ja nevyzer\u00e1m, \u017ee by to pre m\u0148a bolo pote\u0161enie. Ve\u010f to aj budete vidie\u0165. Ko\u013ekokr\u00e1t som si po preteku povedal, \u017ee s Ironmanmi kon\u010d\u00edm, \u017ee to nie je pre \u013eud\u00ed, \u017ee pre\u010do neoddychujem, pre\u010do nesed\u00edm doma a nepop\u00edjam pive\u010dko, pre\u010do tr\u00e1pim telo niekedy aj v 35 st. hor\u00fa\u010davach nezmyseln\u00fdmi z\u00e1vodmi, pre\u010do to, alebo ono. PRETO.<br><br>S triatlonom som za\u010dal ve\u013emi neskoro, v roku 2005, ke\u010f som mal 49 rokov a hne\u010f som vhupol do kateg\u00f3rie veter\u00e1nov. V kr\u00e1tkosti by som chcel op\u00edsa\u0165 toto obdobie a\u017e doteraz, moje z\u00e1\u017eitky a dojmy z pretekov, ktor\u00fdch som sa doteraz z\u00fa\u010dastnil. V bud\u00facnosti, ale u\u017e na faceboku, by som u\u017e chcel opisova\u0165 samostatne ka\u017ed\u00fd pretek, ktor\u00fd absolvujem. M\u00f4j prv\u00fd olympijsky triatlon som absolvoval v Martine v roku 2005. Spom\u00ednam si, \u017ee to bolo pre m\u0148a hrozn\u00e9 utrpenie a ani neviem ako som sa dotackal zni\u010den\u00fd a ukonan\u00fd do cie\u013ea. Ale ve\u013emi dobre si pam\u00e4t\u00e1m, \u017ee som si povedal &#8222;tak toto potrebuje moja leniv\u00e1, ubolen\u00e1 a slaninov\u00e1 telesn\u00e1 schr\u00e1nka.&#8220; Hne\u010f ako som pri\u0161iel domov z preteku, na internete som si na\u0161iel v\u0161etky triatlonov\u00e9 z\u00e1vody, ktor\u00e9 sa na Slovensku organizovali a do konca roka som aj v\u0161etky, vr\u00e1tane duatl\u00f3nov, absolvoval. Len\u017ee potom st\u00e1la predo mnou v\u00fdzva omnoho \u0165a\u017e\u0161ia a n\u00e1ro\u010dnej\u0161ia:<\/p>\n\n\n\n<figure class=\"wp-block-image size-full\"><img loading=\"lazy\" decoding=\"async\" width=\"720\" height=\"960\" src=\"http:\/\/www.elun.sk\/wp-content\/uploads\/2022\/02\/jozefbikeprilba.jpg\" alt=\"\" class=\"wp-image-63\"\/><\/figure>\n\n\n\n<h2 class=\"wp-block-heading\" id=\"ironman-zelezny-muz\">IRONMAN &#8211; \u017dELEZN\u00dd MU\u017d.<\/h2>\n\n\n\n<p>Vtedy som si hovoril, ve\u010f to sa ani ned\u00e1 absolvova\u0165, t\u00ed \u010do to dok\u00e1\u017eu, to musia by\u0165 nad\u013eudia. Ve\u010f pos\u00fa\u010fte: 3,8 km odpl\u00e1va\u0165, potom 180 km odbicyklova\u0165 a aby toho &#8218;nebolo m\u00e1lo, tak e\u0161te aj odbehn\u00fa\u0165 marat\u00f3n 42 km a to v\u0161etko v \u010dasovom limite do 16 hod\u00edn. Po tvrdej pr\u00edprave som m\u00f4j prv\u00fd Ironman absolvoval. v roku 2006 v Nitre. Dokon\u010dil som ho v \u010dase cca 12hod. 30 min. Bol to pre m\u0148a neop\u00edsate\u013en\u00fd z\u00e1\u017eitok. Ke\u010f som be\u017eal, do cie\u013ea, od radosti \u017ee som to dok\u00e1zal, som sa rozplakal. No a potom to vypuklo a pokra\u010duje to dodnes, resp. a trv\u00e1 to a trv\u00e1 to a trv\u00e1 &#8230;. Od roku 2006 a\u017e doteraz som absolvoval: Ironman Otrokovice 3x, Nitra 4x, \u0160panielsko- Barcelona, Malajzia \u00acLangkawi 2x, China &#8211; Haikou, Rak\u00fasko &#8211; Klagenfurt 2x, ale Ix DNF, Podersdorf 3x, Praha 2x Ju\u017ena Afrika &#8211; Port Elizabeth 2x, ale Ix DNF, Lipno 3x Anglicko &#8211; Bolton, Nemecko\u00acRegensburg, Roth. Spolu 24 ukon\u010den\u00fdch \u017delezn\u00fdch mu\u017eov.<br><br>Nechcem sa chv\u00e1li\u0165, ale na Slovensku nie je ve\u013ea borcov, ktor\u00ed ich absolvovali viac, mo\u017eno dvaja, moji kamar\u00e1ti, Marek Nem\u010d\u00edk a asi aj Jo\u017eko Vr\u00e1bel, o in\u00fdch neviem. Ale v bud\u00facnosti ani oni neodolaj\u00fa m\u00f4jmu apetitu na Ironmanov.<br><br>N\u00e1dhern\u00e9, nezabudnute\u013en\u00e9 z\u00e1\u017eitky m\u00e1m zo v\u0161etk\u00fdch z\u00e1vodov, ale najviac mi utkvel v pam\u00e4ti Ironman Langkawi. Organiz\u00e1cia preteku, \u013eudia, pr\u00edroda, podnebie. Ke\u010f som odtia\u013e odch\u00e1dzal, hovoril som si, \u017ee ludia, ktor\u00ed tu \u017eij\u00fa, to maj\u00fa za odmenu od P\u00e1na Boha. \u0160koda, \u017ee sa tam u\u017e z\u00e1vody nekonaj\u00fa.<br><br><br>Spomeniem e\u0161te jeden pretek, Ironman Ju\u017en\u00e1 Afrika &#8211; Port Elizabeth. Taktie\u017e kr\u00e1sny z\u00e1vod a aj mesto, kde sa sn\u00fabi bohatstvo s biedou, kr\u00e1sne modern\u00e9 vysok\u00e9 budovy s dreven\u00fdmi chatr\u010dami, slumami. Ale chcem ho spomen\u00fa\u0165 aj preto, \u017ee tento rok som tam mal na bicykli ve\u013emi nebezpe\u010dn\u00fd \u00faraz, ke\u010f som asi v 50 km r\u00fdchlosti spadol z bicykla, vietor ma sf\u00fakol, ako krabi\u010dku z\u00e1paliek. Utrhnut\u00e1 k\u013e\u00fa\u010dna kos\u0165, zlomen\u00e9 4 rebr\u00e1, zodrat\u00fd cel\u00fd bok od n\u00f4h a\u017e po plece a krvi ako na zab\u00edja\u010dke. No hr\u00f4za.Tento p\u00e1d ma pripravil v tomto roku o mo\u017enos\u0165 vybojova\u0165 si slot (vstupenku) na Hawai, kde sa ka\u017edoro\u010dne kon\u00e1 pretek pretekov, IRONMAN, ktor\u00e9ho sa z\u00fa\u010dast\u0148uj\u00fa t\u00ed najlep\u0161\u00ed z najlep\u0161\u00edch z cel\u00e9ho sveta, ale s dlahou a \u0161r\u00f3bami v ramene je to \u0165a\u017eko realizovateln\u00e9. Mal som na to iba jednu mo\u017enos\u0165, pretek v Boltone, kde som skon\u010dil na 4 a pre m\u0148a nepostupovom mieste. Ale \u010do nebolo v tomto roku, bude nabud\u00face. Mo\u017eno. Pozrite si e\u0161te zop\u00e1r momentiek z niektor\u00fdch pretekov, ktor\u00fdch som sa doteraz z\u00fa\u010dastnil.<\/p>\n\n\n\n<figure class=\"wp-block-image size-full\"><img loading=\"lazy\" decoding=\"async\" width=\"720\" height=\"960\" src=\"http:\/\/www.elun.sk\/wp-content\/uploads\/2022\/02\/jozefbeh.jpg\" alt=\"\" class=\"wp-image-65\"\/><\/figure>\n\n\n\n<p>N\u00e1jdete ma na aj na facebooku : <a href=\"https:\/\/www.facebook.com\/profile.php?id=100004760045029\" target=\"_blank\" rel=\"noreferrer noopener\">Jozef Bez\u00e1k Ironman<\/a><\/p>\n","protected":false},"excerpt":{"rendered":"<p>Na \u00favod by som chcel poznamena\u0165, \u017ee t\u00fato podstr\u00e1nku s mojim profilom, som sa rozhodol zriadi\u0165 za \u00fa\u010delom obozn\u00e1menia priate\u013eov, obchodn\u00fdch partnerov a aj pr\u00edle\u017eitostn\u00fdch n\u00e1v\u0161tevn\u00edkov www.elun.sk s mojimi \u0161portov\u00fdmi aktivitami a trochu aj s propag\u00e1ciou tak\u00e9ho kr\u00e1sneho, ale n\u00e1ro\u010dn\u00e9ho &hellip;<\/p>\n<p class=\"read-more\"> <a class=\"more-link\" href=\"http:\/\/www.elun.sk\/?page_id=24\"> <span class=\"screen-reader-text\">Osobn\u00fd profil<\/span> \u010c\u00edta\u0165 \u010falej &raquo;<\/a><\/p>\n","protected":false},"author":1,"featured_media":62,"parent":0,"menu_order":4,"comment_status":"closed","ping_status":"closed","template":"","meta":{"footnotes":""},"class_list":["post-24","page","type-page","status-publish","has-post-thumbnail","hentry"],"jetpack_sharing_enabled":true,"jetpack_likes_enabled":true,"_links":{"self":[{"href":"http:\/\/www.elun.sk\/index.php?rest_route=\/wp\/v2\/pages\/24","targetHints":{"allow":["GET"]}}],"collection":[{"href":"http:\/\/www.elun.sk\/index.php?rest_route=\/wp\/v2\/pages"}],"about":[{"href":"http:\/\/www.elun.sk\/index.php?rest_route=\/wp\/v2\/types\/page"}],"author":[{"embeddable":true,"href":"http:\/\/www.elun.sk\/index.php?rest_route=\/wp\/v2\/users\/1"}],"replies":[{"embeddable":true,"href":"http:\/\/www.elun.sk\/index.php?rest_route=%2Fwp%2Fv2%2Fcomments&post=24"}],"version-history":[{"count":5,"href":"http:\/\/www.elun.sk\/index.php?rest_route=\/wp\/v2\/pages\/24\/revisions"}],"predecessor-version":[{"id":68,"href":"http:\/\/www.elun.sk\/index.php?rest_route=\/wp\/v2\/pages\/24\/revisions\/68"}],"wp:featuredmedia":[{"embeddable":true,"href":"http:\/\/www.elun.sk\/index.php?rest_route=\/wp\/v2\/media\/62"}],"wp:attachment":[{"href":"http:\/\/www.elun.sk\/index.php?rest_route=%2Fwp%2Fv2%2Fmedia&parent=24"}],"curies":[{"name":"wp","href":"https:\/\/api.w.org\/{rel}","templated":true}]}}