{"id":3,"date":"2022-01-16T15:09:17","date_gmt":"2022-01-16T14:09:17","guid":{"rendered":"http:\/\/www.elun.sk\/?page_id=3"},"modified":"2022-02-06T23:18:37","modified_gmt":"2022-02-06T22:18:37","slug":"ochrana-sukromia","status":"publish","type":"page","link":"http:\/\/www.elun.sk\/?page_id=3","title":{"rendered":"Z\u00e1sady ochrany osobn\u00fdch \u00fadajov"},"content":{"rendered":"\n<p> <br>V zmysle \u00a719 ods. 1 a 2 Z\u00e1kona \u010d. 18\/2018 Z. z. o ochrane osobn\u00fdch \u00fadajov a o zmene a<br>doplnen\u00ed niektor\u00fdch z\u00e1konov, ak sa od dotknutej osoby z\u00edskavaj\u00fa osobn\u00e9 \u00fadaje, ktor\u00e9 sa jej<br>t\u00fdkaj\u00fa, je prev\u00e1dzkovate\u013e povinn\u00fd poskytn\u00fa\u0165 dotknutej osobe pri ich z\u00edskavan\u00ed nasleduj\u00face<br>inform\u00e1cie:<br><br>Prev\u00e1dzkovate\u013e: ELUN s.r.o<br>B\u00e1novce nad Bebravou tel.: 038\/7604302<br>e-mail: elun@elun.sk<br><br>Zodpovedn\u00e1 osoba: Nie je vymenovan\u00e1<br>\u00da\u010del sprac\u00favania osobn\u00fdch \u00fadajov:<br>Vybavenie objedn\u00e1vky, odoslanie objednan\u00e9ho tovaru, vystavenie<br>\u00fa\u010dtovn\u00fdch dokladov, rie\u0161enie reklam\u00e1ci\u00ed, identifik\u00e1cia u\u017e\u00edvate\u013ea,<br>anal\u00fdza a meranie vyu\u017e\u00edvania webovej str\u00e1nky.<br><br>Pr\u00e1vny z\u00e1klad sprac\u00favania osobn\u00fdch \u00fadajov:<br>&#8211; z\u00e1kon \u010d. 431\/2002 Z. z. o \u00fa\u010dtovn\u00edctve v znen\u00ed neskor\u0161\u00edch predpisov<br>&#8211; z\u00e1kon \u010d. 222\/2004 Z. z. o dani z pridanej hodnoty v znen\u00ed neskor\u0161\u00edch<br>predpisov<br>&#8211; z\u00e1kon \u010d. 40\/1964 Zb. Ob\u010diansky z\u00e1konn\u00edk v znen\u00ed neskor\u0161\u00edch<br>predpisov<br>&#8211; \u010fal\u0161ie pr\u00e1vne normy<br>&#8211; sprac\u00favanie osobn\u00fdch \u00fadajov je nevyhnutn\u00e9 na plnenie zmluvy, ktorej<br>zmluvnou stranou je dotknut\u00e1 osoba, alebo na vykonanie opatrenia pred<br>uzatvoren\u00edm zmluvy na z\u00e1klade \u017eiadosti dotknutej osoby<br><br>Pr\u00edjemcovia z\u00edskan\u00fdch osobn\u00fdch \u00fadajov:<br>&#8211; Google Ireland, 3rd floor, Gordon House, Barrow street, Dublin<br>(poskytovate\u013e slu\u017eby Google Analytics \u2013 meranie vyu\u017e\u00edvania webovej<br>str\u00e1nky)<br><br>Doba uchov\u00e1vania osobn\u00fdch \u00fadajov:<br>Osobn\u00e9 \u00fadaje prev\u00e1dzkovate\u013e uchov\u00e1va v zmysle platnej legislat\u00edvy 11<br>rokov<a href=\"mailto:info@bellisamade.sk\"><\/a>D\u00f4vod poskytnutia \u2013 vy\u017eadovania osobn\u00fdch \u00fadajov:<br><br>Prev\u00e1dzkovate\u013e je povinn\u00fd vy\u017eadova\u0165 osobn\u00e9 \u00fadaje, aby si mohol plni\u0165<br>povinnosti vypl\u00fdvaj\u00face mu zo zmluvy.<br><br>V pr\u00edpade neposkytnutia po\u017eadovan\u00fdch osobn\u00fdch \u00fadajov nebude<br>mo\u017en\u00e9 vybavi\u0165 objedn\u00e1vku a odosla\u0165 tovar z\u00e1kazn\u00edkovi<br>Sprostredkovatelia poveren\u00ed prev\u00e1dzkovate\u013eom:<br>&#8211; Google Ireland, 3rd floor, Gordon House, Barrow street, Dublin<br>(poskytovate\u013e slu\u017eby Google Analytics \u2013 meranie vyu\u017e\u00edvania webovej<br>str\u00e1nky)<br><br>PR\u00c1VA DOTKNUTEJ OSOBY<br>Dotknut\u00e9 osoby ktor\u00fdch osobn\u00e9 \u00fadaje sprac\u00fava prev\u00e1dzkovate\u013e maj\u00fa tieto pr\u00e1va:<br>\u2022 po\u017eadova\u0165 od prev\u00e1dzkovate\u013ea pr\u00edstup k osobn\u00fdm \u00fadajom t\u00fdkaj\u00facich sa<br>dotknutejosoby,<br>\u2022 pr\u00e1vo na opravu osobn\u00fdch \u00fadajov,<br>\u2022 pr\u00e1vo na prenosnos\u0165 osobn\u00fdch \u00fadajov<br>\u2022 kedyko\u013evek svoj s\u00fahlas odvola\u0165, ak bol udelen\u00fd<br>\u2022 pr\u00e1vo poda\u0165 s\u0165a\u017enos\u0165 \u00daradu na ochranu osobn\u00fdch \u00fadajov<br>\u2022 pr\u00e1vo namieta\u0165 sprac\u00favanie osobn\u00fdch \u00fadajov<br>Ak s\u00fa osobn\u00e9 \u00fadaje sprac\u00favan\u00e9 nez\u00e1konne, pominul d\u00f4vod na ich sprac\u00favanie, alebo<br>dotknut\u00e1 osoba odvolala svoj s\u00fahlas so spracovan\u00edm jej osobn\u00fdch \u00fadajov, m\u00e1 dotknut\u00e1 osoba:<br>\u2022 pr\u00e1vo na vymazanie osobn\u00fdch \u00fadajov<br>\u2022 pr\u00e1vo na obmedzenie sprac\u00favania osobn\u00fdch \u00fadajov<\/p>\n\n\n\n<h2 class=\"wp-block-heading\" id=\"kto-sme\">Kto sme<\/h2>\n\n\n\n<p>Adresa na\u0161ej webovej str\u00e1nky je: http:\/\/www.elun.sk.<\/p>\n\n\n\n<h2 class=\"wp-block-heading\" id=\"komentare\">Koment\u00e1re<\/h2>\n\n\n\n<p>Ke\u010f n\u00e1v\u0161tevn\u00edci webu zanechavaj\u00fa na str\u00e1nke koment\u00e1re, zbierame \u00fadaje, ktor\u00e9 s\u00fa zobrazen\u00e9 vo formul\u00e1ri koment\u00e1ra a taktie\u017e IP adresu pou\u017e\u00edvate\u013eov a user-agent prehliada\u010da z d\u00f4vodu ochrany proti spamu.<\/p>\n\n\n\n<p>Anonymizovan\u00fd re\u0165azec vytvoren\u00fd z va\u0161ej e-mailovej adresy (naz\u00fdvan\u00fd aj hash) m\u00f4\u017ee by\u0165 poskytnut\u00fd slu\u017ebe Gravatar pre overenie, \u010di ju pou\u017e\u00edvate. Z\u00e1sady ochrany osobn\u00fdch \u00fadajov slu\u017eby Gravatar n\u00e1jdete na: https:\/\/automattic.com\/privacy\/. Po schv\u00e1len\u00ed v\u00e1\u0161ho koment\u00e1ra bude va\u0161a profilov\u00e1 fotografia verejne zobrazen\u00e1 spolu s obsahom v\u00e1\u0161ho koment\u00e1ra.<\/p>\n\n\n\n<h2 class=\"wp-block-heading\" id=\"multimedia\">Multim\u00e9di\u00e1<\/h2>\n\n\n\n<p>Pri nahr\u00e1van\u00ed obr\u00e1zkov na webov\u00fa str\u00e1nku by ste sa mali vyhn\u00fa\u0165 nahr\u00e1vaniu obr\u00e1zkov s EXIF GPS \u00fadajmi o polohe. N\u00e1v\u0161tevn\u00edci webu m\u00f4\u017eu stiahnu\u0165 a zobrazi\u0165 ak\u00e9ko\u013evek \u00fadaje o polohe z obr\u00e1zkov.<\/p>\n\n\n\n<h2 class=\"wp-block-heading\" id=\"subory-cookies\">S\u00fabory cookies<\/h2>\n\n\n\n<p>Ak prid\u00e1te koment\u00e1r na na\u0161ej str\u00e1nke, m\u00f4\u017eete s\u00fahlasi\u0165 s ulo\u017een\u00edm v\u00e1\u0161ho mena, e-mailovej adresy a webovej str\u00e1nky do s\u00faborov cookies. Je to pre va\u0161e pohodlie, aby ste nemuseli op\u00e4tovne vyp\u013a\u0148a\u0165 va\u0161e \u00fadaje znovu pri prid\u00e1van\u00ed \u010fal\u0161ieho koment\u00e1ra. Tieto s\u00fabory cookies s\u00fa platn\u00e9 jeden rok.<\/p>\n\n\n\n<p>Ak nav\u0161t\u00edvite na\u0161u str\u00e1nku prihl\u00e1senia, ulo\u017e\u00edme do\u010dasn\u00e9 s\u00fabory cookies na ur\u010denie toho, \u010di v\u00e1\u0161 prehliada\u010d akceptuje s\u00fabory cookies. Tieto s\u00fabory cookies neobsahuj\u00fa \u017eiadne osobn\u00e9 \u00fadaje a s\u00fa odstr\u00e1nen\u00e9 pri zatvoren\u00ed prehliada\u010da.<\/p>\n\n\n\n<p>Pri prihl\u00e1sen\u00ed nastav\u00edme nieko\u013eko s\u00faborov cookies, aby sme ulo\u017eili va\u0161e prihlasovacie \u00fadaje a nastavenia zobrazenia. Prihlasovacie cookies s\u00fa platn\u00e9 dva dni a nastavenia zobrazenia jeden rok. Ak zvol\u00edte mo\u017enos\u0165 &#8222;zapam\u00e4ta\u0165&#8220;, va\u0161e prihl\u00e1senie bude platn\u00e9 dva t\u00fd\u017edne. Pri odhl\u00e1sen\u00ed sa z v\u00e1\u0161ho \u00fa\u010dtu s\u00fa s\u00fabory cookies odstr\u00e1nen\u00e9. <\/p>\n\n\n\n<p>Pri \u00faprave alebo publikovan\u00ed \u010dl\u00e1nku bud\u00fa vo va\u0161om prehliada\u010di ulo\u017een\u00e9 dodato\u010dn\u00e9 s\u00fabory cookies. Tieto s\u00fabory cookies neobsahuj\u00fa \u017eiadne osobn\u00e9 \u00fadaje a odkazuj\u00fa iba na ID \u010dl\u00e1nku, ktor\u00fd ste upravovali. S\u00fabory s\u00fa platn\u00e9 1 de\u0148.<\/p>\n\n\n\n<h2 class=\"wp-block-heading\" id=\"vlozeny-obsah-z-inych-webovych-stranok\">Vlo\u017een\u00fd obsah z in\u00fdch webov\u00fdch str\u00e1nok<\/h2>\n\n\n\n<p>\u010cl\u00e1nky na tejto webovej str\u00e1nke m\u00f4\u017eu obsahova\u0165 vlo\u017een\u00fd obsah (napr. vide\u00e1, obr\u00e1zky, \u010dl\u00e1nky a podobne). Vlo\u017een\u00fd obsah z in\u00fdch str\u00e1nok sa chov\u00e1 rovnako, akoby n\u00e1v\u0161tevn\u00edk nav\u0161t\u00edvil in\u00fa webov\u00fa str\u00e1nku. <\/p>\n\n\n\n<p>Tieto webov\u00e9 str\u00e1nky m\u00f4\u017eu o v\u00e1s zbiera\u0165 osobn\u00e9 \u00fadaje, pou\u017e\u00edva\u0165 s\u00fabory cookies, vklada\u0165 tre\u0165o-strann\u00e9 sledovanie a monitorova\u0165 va\u0161u interakciu s vlo\u017een\u00fdm obsahom, v\u010detne sledovania va\u0161ej interakcie s vlo\u017een\u00fdm obsahom, ak na danej webovej str\u00e1nke m\u00e1te \u00fa\u010det a ste prihl\u00e1sen\u00fd. <\/p>\n\n\n\n<h2 class=\"wp-block-heading\" id=\"s-kym-zdielame-vase-udaje\">S k\u00fdm zdie\u013eame va\u0161e \u00fadaje<\/h2>\n\n\n\n<p>Ak po\u017eadujete obnovenie hesla, va\u0161a adresa IP bude uveden\u00e1 v e-maile na obnovenie hesla.<\/p>\n\n\n\n<h2 class=\"wp-block-heading\" id=\"ako-dlho-uchovavame-vase-udaje\">Ako dlho uchov\u00e1vame va\u0161e \u00fadaje<\/h2>\n\n\n\n<p>Pri prid\u00e1van\u00ed koment\u00e1ra, koment\u00e1r a jeho meta\u00fadaje s\u00fa uchov\u00e1van\u00e9 oddelene. V\u010faka tomu vieme automaticky rozpozna\u0165 a schv\u00e1li\u0165 ak\u00e9ko\u013evek s\u00favisiace koment\u00e1re bez toho, aby museli by\u0165 podr\u017ean\u00e9 na moder\u00e1ciu.<\/p>\n\n\n\n<p>Pre pou\u017e\u00edvate\u013eov, ktor\u00ed sa zaregistruj\u00fa na na\u0161ich webov\u00fdch str\u00e1nkach (ak tak\u00ed existuj\u00fa), uklad\u00e1me aj osobn\u00e9 \u00fadaje, ktor\u00e9 poskytuj\u00fa, do ich u\u017e\u00edvate\u013esk\u00e9ho profilu. V\u0161etci pou\u017e\u00edvatelia m\u00f4\u017eu kedyko\u013evek zobrazi\u0165, upravi\u0165 alebo odstr\u00e1ni\u0165 svoje osobn\u00e9 \u00fadaje (okrem zmeny pou\u017e\u00edvate\u013esk\u00e9ho). Spr\u00e1vcovia webov\u00fdch str\u00e1nok tie\u017e m\u00f4\u017eu zobrazi\u0165 a upravi\u0165 tieto inform\u00e1cie.<\/p>\n\n\n\n<h2 class=\"wp-block-heading\" id=\"ake-prava-mate-nad-svojimi-udajmi\">Ak\u00e9 pr\u00e1va m\u00e1te nad svojimi \u00fadajmi<\/h2>\n\n\n\n<p>Ak na tejto webovej str\u00e1nke m\u00e1te \u00fa\u010det, alebo ste tu pridali koment\u00e1r, m\u00f4\u017eete po\u017eiada\u0165 o export va\u0161ich osobn\u00fdch \u00fadajov, ktor\u00e9 o v\u00e1s uklad\u00e1me, v\u010detne \u00fadajov, ktor\u00e9 ste n\u00e1m poskytli. M\u00f4\u017eete tak isto po\u017eiada\u0165 o vymazanie osobn\u00fdch \u00fadajov. To sa ale net\u00fdka \u00fadajov, ktor\u00e9 o v\u00e1s mus\u00edme uchov\u00e1va\u0165 z administrat\u00edvnych, pr\u00e1vnych alebo bezpe\u010dnostn\u00fdch d\u00f4vodov. <\/p>\n\n\n\n<h2 class=\"wp-block-heading\" id=\"kam-posielame-vase-udaje\">Kam posielame va\u0161e \u00fadaje<\/h2>\n\n\n\n<p>Koment\u00e1re n\u00e1v\u0161tevn\u00edkov m\u00f4\u017eu by\u0165 kontrolovan\u00e9 prostredn\u00edctvom automatizovanej slu\u017eby na detekciu spamu.<\/p>\n","protected":false},"excerpt":{"rendered":"<p>V zmysle \u00a719 ods. 1 a 2 Z\u00e1kona \u010d. 18\/2018 Z. z. o ochrane osobn\u00fdch \u00fadajov a o zmene adoplnen\u00ed niektor\u00fdch z\u00e1konov, ak sa od dotknutej osoby z\u00edskavaj\u00fa osobn\u00e9 \u00fadaje, ktor\u00e9 sa jejt\u00fdkaj\u00fa, je prev\u00e1dzkovate\u013e povinn\u00fd poskytn\u00fa\u0165 dotknutej osobe pri &hellip;<\/p>\n<p class=\"read-more\"> <a class=\"more-link\" href=\"http:\/\/www.elun.sk\/?page_id=3\"> <span class=\"screen-reader-text\">Z\u00e1sady ochrany osobn\u00fdch \u00fadajov<\/span> \u010c\u00edta\u0165 \u010falej &raquo;<\/a><\/p>\n","protected":false},"author":1,"featured_media":0,"parent":0,"menu_order":0,"comment_status":"closed","ping_status":"open","template":"","meta":{"footnotes":""},"class_list":["post-3","page","type-page","status-publish","hentry"],"jetpack_sharing_enabled":true,"jetpack_likes_enabled":true,"_links":{"self":[{"href":"http:\/\/www.elun.sk\/index.php?rest_route=\/wp\/v2\/pages\/3","targetHints":{"allow":["GET"]}}],"collection":[{"href":"http:\/\/www.elun.sk\/index.php?rest_route=\/wp\/v2\/pages"}],"about":[{"href":"http:\/\/www.elun.sk\/index.php?rest_route=\/wp\/v2\/types\/page"}],"author":[{"embeddable":true,"href":"http:\/\/www.elun.sk\/index.php?rest_route=\/wp\/v2\/users\/1"}],"replies":[{"embeddable":true,"href":"http:\/\/www.elun.sk\/index.php?rest_route=%2Fwp%2Fv2%2Fcomments&post=3"}],"version-history":[{"count":2,"href":"http:\/\/www.elun.sk\/index.php?rest_route=\/wp\/v2\/pages\/3\/revisions"}],"predecessor-version":[{"id":78,"href":"http:\/\/www.elun.sk\/index.php?rest_route=\/wp\/v2\/pages\/3\/revisions\/78"}],"wp:attachment":[{"href":"http:\/\/www.elun.sk\/index.php?rest_route=%2Fwp%2Fv2%2Fmedia&parent=3"}],"curies":[{"name":"wp","href":"https:\/\/api.w.org\/{rel}","templated":true}]}}