{"id":79,"date":"2022-02-06T23:32:18","date_gmt":"2022-02-06T22:32:18","guid":{"rendered":"http:\/\/www.elun.sk\/?page_id=79"},"modified":"2022-03-01T12:48:51","modified_gmt":"2022-03-01T11:48:51","slug":"vseobecne-obchodne-podmienky","status":"publish","type":"page","link":"http:\/\/www.elun.sk\/?page_id=79","title":{"rendered":"V\u0161eobecn\u00e9 obchodn\u00e9 podmienky"},"content":{"rendered":"\n<p class=\"has-text-align-left\"> Platnos\u0165 : od 1. marca 20222<br><br>Vymedzenie pojmov<br>1. Prev\u00e1dzkovate\u013eom internetovej str\u00e1nky (e-shopu) je ELUN s..r.o, J. Ka\u010dku  11 B\u00e1novce nad Bebravou<br>957 01<br>2. Pred\u00e1vaj\u00facim je ELUN s..r.o, J. Ka\u010dku  11 , B\u00e1novce nad Bebravou 957 01<br>3. Dod\u00e1vate\u013eom tovarov a slu\u017eieb pon\u00fakan\u00fdch v e-shope  je ELUN s..r.o, J. Ka\u010dku  11 , B\u00e1novce nad Bebravou, 957 01<br>4. Kupuj\u00facim je ka\u017ed\u00fd n\u00e1v\u0161tevn\u00edk e-shopu, ktor\u00fd prostredn\u00edctvom e-shopu vytvoril z\u00e1v\u00e4zn\u00fa objedn\u00e1vku.<br>Pre \u00fa\u010dely z\u00e1kona, najm\u00e4 z\u00e1kona \u010d. 102\/2014 Z. z. sa spotrebite\u013eom rozumie fyzick\u00e1 osoba, ktor\u00e1 pri<br>uzatv\u00e1ran\u00ed a plnen\u00ed spotrebite\u013eskej zmluvy nekon\u00e1 v r\u00e1mci predmetu svojej podnikate\u013eskej \u010dinnosti,<br>zamestnania alebo povolania.<br>5. E-shopom je po\u010d\u00edta\u010dov\u00fd syst\u00e9m umiestnen\u00fd v sieti internet s verejn\u00fdm pr\u00edstupom, ktor\u00fd umo\u017e\u0148uje<br>objedn\u00e1vanie tovarov a slu\u017eieb na dia\u013eku prostredn\u00edctvom elektronick\u00e9ho zariadenia.<br>6. Tovarom alebo slu\u017ebou s\u00fa v\u0161etky produkty zverejnen\u00e9 na str\u00e1nkach e-shopu, ktor\u00e9 je mo\u017en\u00e9 objedna\u0165<br>(maj\u00fa uveden\u00fa cenu a t\u00e1to nie nulov\u00e1).<br>7. Kupuj\u00faci plne uzn\u00e1va elektronick\u00fa komunik\u00e1ciu, predov\u0161etk\u00fdm prostredn\u00edctvom e-shopu, e- mailovej<br>komunik\u00e1cie ako aj telefonickej komunik\u00e1cie, pokia\u013e je nesporn\u00e9, \u017ee pred\u00e1vaj\u00faci komunikujes kupuj\u00facim<br>alebo n\u00edm opr\u00e1vnenou osobou.<br>8. Na vz\u0165ah medzi pred\u00e1vaj\u00facim a kupuj\u00facim, ktor\u00fd vznikol inak ako prostredn\u00edctvom elektronick\u00fdch<br>zariaden\u00ed na dia\u013eku a nejedn\u00e1 sa o vz\u0165ah medzi poskytovate\u013eom slu\u017eieb informa\u010dnej spolo\u010dnosti a<br>pr\u00edjemcom slu\u017eieb informa\u010dnej spolo\u010dnosti sa tieto v\u0161eobecn\u00e9 obchodn\u00e9 podmienky uplatnia iba v<br>nevyhnutnom rozsahu, ktor\u00fd zodpoved\u00e1 pr\u00e1vnym predpisom a logick\u00e9mu usporiadaniu veci, pokia\u013e medzi<br>nimi nebolo dohodnut\u00e9 inak.<br>\u010cl\u00e1nok II. Cena<br>1. V\u0161etky uv\u00e1dzan\u00e9 ceny pri tovare a slu\u017eb\u00e1ch s\u00fa kone\u010dn\u00e9.<br>2. Pred\u00e1vaj\u00faci je viazan\u00fd cenou uvedenou na str\u00e1nke e-shopu v momente vykonania n\u00e1kupu.<br>\u010cl\u00e1nok III. Objedn\u00e1vka<br>1. Objedn\u00e1vka vznik\u00e1 potvrden\u00edm procesu objedn\u00e1vania v e-shope v\u00fdberom tovarov alebo slu\u017eieb<br>kupuj\u00facim vr\u00e1tane kompletn\u00e9ho vyplnenia objedn\u00e1vkov\u00e9ho formul\u00e1ru a jeho odoslania pred\u00e1vaj\u00facemu.<br>Pre spr\u00e1vne a riadne vybavenie objedn\u00e1vky je potrebn\u00e9 vyplni\u0165 po\u017eadovan\u00e9 \u00fadaje v objedn\u00e1vke a zvoli\u0165 si<br>mo\u017enosti dopravy a platby za objednan\u00fd tovar alebo slu\u017eby.<br>2. Kupuj\u00faci zaslan\u00edm objedn\u00e1vky s\u00fahlas\u00ed s cenou objednan\u00fdch tovarov a slu\u017eieb. Objedn\u00e1vka sa jej<br>odoslan\u00edm st\u00e1va pre kupuj\u00faceho z\u00e1v\u00e4znou, teda je n\u00e1vrhom na uzatvorenie k\u00fapnej zmluvy s pred\u00e1vaj\u00facim.<br>3. Kupuj\u00facemu je po odoslan\u00ed objedn\u00e1vky v e-shope automaticky generovan\u00fd a odoslan\u00fd informa\u010dn\u00fd<br>email o tom, \u017ee pred\u00e1vaj\u00facemu bola e-shopom doru\u010den\u00e1 objedn\u00e1vka kupuj\u00faceho na spracovanie. Tento e-<br>mail nie je potvrden\u00edm tovaru v zmysle ods. 4. tohto \u010dl\u00e1nku.<br>4. Potvrden\u00edm objedn\u00e1vky zo strany pred\u00e1vaj\u00faceho vznik\u00e1 k\u00fapna zmluva, ktor\u00fa je mo\u017en\u00e9 meni\u0165 alebo<br>dop\u013a\u0148a\u0165 len na z\u00e1klade vz\u00e1jomnej dohody medzi kupuj\u00facim a pred\u00e1vaj\u00facim ak z\u00e1kon alebo in\u00fd pr\u00e1vny<br>predpis neustanovuje inak. Potvrden\u00edm objedn\u00e1vky zo strany pred\u00e1vaj\u00faceho je elektronick\u00e1 spr\u00e1va<br>pred\u00e1vaj\u00faceho odoslan\u00e1 na e-mailov\u00fa adresu kupuj\u00faceho alebo kr\u00e1tka textov\u00e1 spr\u00e1va odoslan\u00e1 na mobiln\u00e9<br>telef\u00f3nne \u010d\u00edslo kupuj\u00faceho, ktor\u00e9 kupuj\u00faci uviedol v jeho objedn\u00e1vke s inform\u00e1ciou v akom rozsahu je<br>akcept\u00e1cia objedn\u00e1vky kupuj\u00faceho nesporn\u00e1. Elektronick\u00e1 spr\u00e1va pred\u00e1vaj\u00faceho, ktorou saobjedn\u00e1vku<br>kupuj\u00faceho nepotvrdzuje, zamieta alebo odmieta, resp. inak zrete\u013ene neakceptuje je odmietnutie<br>objedn\u00e1vky kupuj\u00faceho.<br>5. Ak pred\u00e1vaj\u00faci nie je schopn\u00fd splni\u0165 objedn\u00e1vku alebo jej \u010das\u0165 v lehote na vybavenie objedn\u00e1vky pri<br>vynalo\u017een\u00ed maxim\u00e1lneho \u00fasilia a to z d\u00f4vodov napr. \u017ee tovar sa nevyr\u00e1ba, nie je dostupn\u00fd u v\u00fdrobcu alebo<br>na externom sklade dod\u00e1vate\u013ea, v\u00fdrobca vykonal tak z\u00e1va\u017en\u00e9 zmeny, pre ktor\u00e9 nie je mo\u017en\u00e9 realizova\u0165<br>objedn\u00e1vku alebo z d\u00f4vodov vy\u0161\u0161ej moci, m\u00f4\u017ee pred\u00e1vaj\u00faci objedn\u00e1vku stornova\u0165 o \u010dom kupuj\u00facemu po\u0161le<br>e-mail. Taktie\u017e m\u00e1 pred\u00e1vaj\u00faci pr\u00e1vo zru\u0161i\u0165 objedn\u00e1vku, pokia\u013e kupuj\u00faci v<a href=\"http:\/\/www.ekostyle.sk\/\"><\/a><a href=\"http:\/\/www.ekostyle.sk\/\"><\/a>objedn\u00e1vke uviedol nepravdiv\u00e9 alebo zav\u00e1dzaj\u00face \u00fadaje, ktor\u00e9 nie je mo\u017en\u00e9 overi\u0165, napr\u00edklad nespr\u00e1vny<br>e-mail, telefonick\u00fd kontakt alebo nespr\u00e1vna resp. neexistuj\u00faca adresa. Ak kupuj\u00faci zaplatil preddavok,<br>tento je mu povinn\u00fd pred\u00e1vaj\u00faci vr\u00e1ti\u0165 do 14 dn\u00ed.<br>\u010cl\u00e1nok IV. Platobn\u00e9 podmienky<br>1. Za tovar a slu\u017eby v e-shope je mo\u017en\u00e9 plati\u0165 nasledovn\u00fdmi sp\u00f4sobmi:<br>1. platba bankov\u00fdm prevodom<br>2. platbu na z\u00e1klade dar\u010dekov\u00e9ho poukazu.<br>2. Dar\u010dekov\u00fd poukaz predstavuje predplaten\u00fd objem pe\u0148a\u017en\u00fdch prostriedkov, ktor\u00e9 m\u00f4\u017ee kupuj\u00faci<br>vyu\u017ei\u0165 pri n\u00e1kupe na z\u00e1klade dostatku vo\u013en\u00fdch predplaten\u00fdch pe\u0148a\u017en\u00fdch prostriedkov. D\u00e1tum platnosti<br>kup\u00f3nu je uveden\u00fd na \u0148om.<br>3. Doplatky pre jednotliv\u00e9 mo\u017enosti platieb s\u00fa uveden\u00e9 v \u010dl. VI t\u00fdchto v\u0161eobecn\u00fdch obchodn\u00fdch<br>podmienok.<br>4. Pred\u00e1vaj\u00faci m\u00f4\u017ee poskytn\u00fa\u0165 kupuj\u00facemu mo\u017enosti zliav:<br>1. z\u013eavu z ceny za registr\u00e1ciu do e-shopu,<br>2. z\u013eavu za opakovan\u00fd n\u00e1kup,<br>3. z\u013eavu na z\u00e1klade jednorazov\u00e9ho z\u013eavov\u00e9ho kup\u00f3nu,<br>4. Poskytovan\u00e9 z\u013eavy nie je mo\u017en\u00e9 kumulova\u0165.<br>\u010cl\u00e1nok V. Dodacie podmienky<br>1. Pred\u00e1vaj\u00faci je povinn\u00fd do 30 dn\u00ed od vytvorenia objedn\u00e1vky zasla\u0165 kupuj\u00facemu tovar, ak sa<br>nedohodliinak, alebo ak pri tovare nebola uveden\u00e1 dlh\u0161ia dodacia lehota.<br>2. Ak je tovar skladom je expedovan\u00fd pod\u013ea kapacitn\u00fdch mo\u017enost\u00ed v \u010do najkrat\u0161om \u010dase.<br>3. Ak sa v objedn\u00e1vke nach\u00e1dza viacero tovarov a slu\u017eieb a \u010das\u0165 z nich nie je skladom, informujeme<br>otom kupuj\u00faceho s mo\u017enos\u0165ou \u010diasto\u010dn\u00fdch dod\u00e1vok.<br>4. Spolu s tovarom je z\u00e1kazn\u00edkovi zasielan\u00e1 fakt\u00fara (da\u0148ov\u00fd doklad), n\u00e1vod ako i ostatn\u00e9 dokumenty<br>ktovaru alebo slu\u017ebe od v\u00fdrobcu.<br>5. Za miesto plnenia sa pova\u017euje miesto, do ktor\u00e9ho je tovar dod\u00e1van\u00fd.<br>6. Pred\u00e1vaj\u00faci realizuje dopravu ku kupuj\u00facemu prostredn\u00edctvom Slovenskej po\u0161ty, kuri\u00e9rskej slu\u017eby<br>PACKETA a GLS.<br>\u010cl\u00e1nok VI. Poplatky za prepravu, baln\u00e9 a mo\u017enosti platieb<br>1. Pri platbe vopred na bankov\u00fd \u00fa\u010det si za dopravn\u00e9 \u00fa\u010dtujeme pod\u013ea cenn\u00edka dopravcu.<br>2. Pred\u00e1vaj\u00faci sa m\u00f4\u017ee s kupuj\u00facim dohodn\u00fa\u0165 aj na inom ako \u0161tandardnom (vy\u0161\u0161ie uvedenom) postupe<br>pri zasielan\u00ed tovaru alebo slu\u017eieb ako aj cien za tieto slu\u017eby.<br>3. Pred\u00e1vaj\u00faci m\u00f4\u017ee zasla\u0165 tovar ktor\u00fd je okam\u017eite dostupn\u00fd kupuj\u00facemu a zvy\u0161n\u00fa \u010das\u0165 objedn\u00e1vky<br>doru\u010d\u00ed dodato\u010dne v z\u00e1konnej lehote, av\u0161ak za predpokladu, \u017ee kupuj\u00facemu nebude \u00fa\u010dtovan\u00e9 \u017eiadne<br>dodato\u010dn\u00e9 po\u0161tovn\u00e9, okrem toho, ktor\u00e9 bolo zapo\u010d\u00edtan\u00e9 v objedn\u00e1vke.<br>\u010cl\u00e1nok VII. Prevod vlastn\u00edckeho pr\u00e1va<br>1. Vlastn\u00edcke pr\u00e1vo prech\u00e1dza z pred\u00e1vaj\u00faceho na kupuj\u00faceho momentom prevzatia veci od<br>pred\u00e1vaj\u00faceho alebo dopravcu.<br>\u010cl\u00e1nok VIII. Storno k\u00fapnej zmluvy<br>1. Stornova\u0165 objednan\u00fd tovar alebo slu\u017ebu m\u00e1 kupuj\u00faci pr\u00e1vo do 24 hod\u00edn od vzniku k\u00fapnej zmluvy bez<br>storno poplatku pri tovare, ktor\u00fd je vyr\u00e1ban\u00fd na z\u00e1kazku, pod\u013ea \u0161pecifick\u00fdch po\u017eiadaviek spotrebite\u013ea<br>alebo \u0161peci\u00e1lne pre jedn\u00e9ho spotrebite\u013ea.<br>\u010cl\u00e1nok IX. Pr\u00e1vo spotrebite\u013ea vr\u00e1ti\u0165 tovar bez udania d\u00f4vodu a pou\u010denie spotrebite\u013ea<br>1. Spotrebite\u013e m\u00e1 na z\u00e1klade z\u00e1kona \u010d. 102\/2014 Z. z. o ochrane spotrebite\u013ea pri predaji tovaru alebo<br>poskytovan\u00ed slu\u017eieb na z\u00e1klade zmluvy uzavretej na dia\u013eku alebo zmluvy uzavretej mimo prev\u00e1dzkov\u00fdch<br>priestorov pred\u00e1vaj\u00faceho a o zmene a doplnen\u00ed niektor\u00fdch z\u00e1konov (\u010falej len ako \u201eZ\u00e1kon\u201c) pod\u013ea<br>ustanoven\u00ed \u00a7 7 a nasleduj\u00facich pr\u00e1vo odst\u00fapi\u0165 od k\u00fapnej zmluvy do 14 kalend\u00e1rnych dni odo d\u0148aprevzatia tovaru, ak si pred\u00e1vaj\u00faci splnil informa\u010dn\u00e9 povinnosti pod\u013ea tohto z\u00e1kona, pre ostatn\u00e9 pr\u00edpady<br>sa uplat\u0148uje ods. 2 alebo 3 Z\u00e1kona. Ak predmetom k\u00fapnej zmluvy je dodanie tovaru, spotrebite\u013e m\u00e1<br>pr\u00e1vo odst\u00fapi\u0165 od zmluvy aj pred dodan\u00edm tovaru.<br>2. Spotrebite\u013e je povinn\u00fd, ak toto pr\u00e1vo chce vyu\u017ei\u0165, p\u00edsomn\u00e9 odst\u00fapenie od k\u00fapnej zmluvy osobne<br>doru\u010di\u0165 najnesk\u00f4r v posledn\u00fd de\u0148 ur\u010denej lehoty na kontaktn\u00fa adresu pred\u00e1vaj\u00faceho po\u010das jeho<br>prev\u00e1dzkov\u00fdch hod\u00edn alebo toto odst\u00fapenie poda\u0165 na po\u0161tov\u00fa prepravu najnesk\u00f4r v posledn\u00fd de\u0148<br>lehoty na adresu, ktor\u00e1 je uveden\u00e1 v kontaktoch, pr\u00edpadne tak\u00e9to uplatnenie pr\u00e1va je mo\u017en\u00e9 uplatni\u0165<br>aj v podobe z\u00e1pisu na inom trvanlivom nosi\u010di. Spotrebite\u013e je povinn\u00fd po ozn\u00e1men\u00ed o odst\u00fapen\u00ed od<br>zmluvy zasla\u0165 alebo doru\u010di\u0165 osobne predmet zmluvy od ktorej odstupuje spolu so v\u0161etkou<br>dokument\u00e1ciou \u2013 napr. origin\u00e1lom fakt\u00fary, n\u00e1vodom a inou dokument\u00e1ciou k tovaru, ktor\u00e1 mu bola<br>doru\u010den\u00e1 spolu s tovarom, najnesk\u00f4r v\u0161ak do 14 dn\u00ed odo d\u0148a odst\u00fapenia (\u00a710 ods. 1 Z\u00e1kona).<br>Odpor\u00fa\u010dame kupuj\u00facim, aby si vyhotovili pre vlastn\u00fa potrebu k\u00f3piu fakt\u00fary a tovar zasielali<br>doporu\u010dene a ako poisten\u00fa z\u00e1sielku. Na odst\u00fapenie od zmluvy m\u00f4\u017eete vyu\u017ei\u0165 nasledovn\u00fd formul\u00e1r:<br>Odst\u00fapenia od k\u00fapnej zmluvy, v ktorom je potrebn\u00e9 vyplni\u0165 minim\u00e1lne \u00fadaje s ozna\u010den\u00edm \u201e*\u201c \u2013<br>hviezdi\u010dkou. (http:\/\/www.nakupujbezpecne.sk\/docs\/form\/odstupenie%20od%20zmluvy.pdf).<br>3. Tovar n\u00e1m nezasielajte na dobierku, z\u00e1sielka nebude prevzat\u00e1.<br>4. Prev\u00e1dzkovate\u013e e-shopu vr\u00e1ti zaplaten\u00e9 plnenie za tovar \/ slu\u017ebu vr\u00e1tane n\u00e1kladov na dopravu v<br>zmysle ust. \u00a79 ods. 3) z\u00e1kona \u010d. 102\/2014 Z.z. ako i n\u00e1kladov preuk\u00e1zate\u013ene vynalo\u017een\u00fdch na objednanie<br>tovaru do 14 dn\u00ed odo d\u0148a doru\u010denia odst\u00fapenia od zmluvy, av\u0161ak nemus\u00ed vr\u00e1ti\u0165 peniaze sk\u00f4r ako je mu<br>doru\u010den\u00fd tovar alebo spotrebite\u013e nepreuk\u00e1\u017ee zaslanie tovaru, to neplat\u00ed v pr\u00edpade ak pred\u00e1vaj\u00faci<br>navrhol, \u017ee si tovar vyzdvihne s\u00e1m.<br>5. N\u00e1klady na vr\u00e1tenie tovaru zn\u00e1\u0161a spotrebite\u013e.<br>6. Pr\u00e1vo na odst\u00fapenie od zmluvy sa neuplat\u0148uje pre tovary a slu\u017eby, ktor\u00e9 s\u00fa vymedzen\u00e9 v \u00a77 ods. 6<br>p\u00edsm. a) a\u017e l) z\u00e1kona \u010d. 102\/2014. Z.z.<br>7. Spotrebite\u013e zn\u00e1\u0161a ak\u00e9ko\u013evek zn\u00ed\u017eenie hodnoty tovaru, ktor\u00e9 bolo sp\u00f4soben\u00e9 jeho pou\u017e\u00edvan\u00edm nad<br>r\u00e1mec potrebn\u00fd pre zistenie funk\u010dnosti a vlastnost\u00ed tovaru.<br>\u010cl\u00e1nok X. Pr\u00e1va a povinnosti zmluvn\u00fdch str\u00e1n<br>1. Za zmluvn\u00e9 strany sa poklad\u00e1 pred\u00e1vaj\u00faci a kupuj\u00faci.<br>2. Kupuj\u00faci je povinn\u00fd:<br>1. prevzia\u0165 objednan\u00fd tovar,<br>2. zaplati\u0165 za prevzat\u00fd tovar dohodnut\u00fa odplatu pred\u00e1vaj\u00facemu,<br>3. prekontrolova\u0165 neporu\u0161enos\u0165 obalu resp. aj samotn\u00fd tovar pri jeho preberan\u00ed.<br>3. Pred\u00e1vaj\u00faci je povinn\u00fd:<br>1. doda\u0165 z\u00e1kazn\u00edkovi tovar v po\u017eadovanej kvalite, mno\u017estve a v dohodnutej cene,<br>2. spolu s tovarom alebo dodato\u010dne zasla\u0165 z\u00e1kazn\u00edkovi v\u0161etky dokumenty k tovaru<br>akonapr\u00edklad fakt\u00faru za tovar.<br>\u010cl\u00e1nok XI. Ochrana osobn\u00fdch \u00fadajov<br>1. Osobn\u00e9 \u00fadaje s\u00fa sprac\u00favan\u00e9 v s\u00falade so z\u00e1konom \u010d. 18\/2018 Z. z. o ochrane osobn\u00fdch \u00fadajov v<br>znen\u00ed neskor\u0161\u00edch predpisov.<br>2. Prev\u00e1dzkovate\u013e neposkytuje osobn\u00e9 \u00fadaje kupuj\u00faceho tretej osobe, okrem zvolenej prepravnej<br>spolo\u010dnosti ktor\u00e1 zabezpe\u010duje doru\u010denie tovaru alebo slu\u017eieb, alebo \u0161t\u00e1tnym org\u00e1nom v pr\u00edpade<br>kontroly, pr\u00edpadne sprostredkovate\u013eovi a to na z\u00e1klade vz\u00e1jomnej zmluvy uzatvorenej pod\u013ea Z\u00e1kona \u010d.<br>18\/2018 Z.z.<br>3. Prev\u00e1dzkovate\u013e je povinn\u00fd zabezpe\u010di\u0165 osobn\u00e9 \u00fadaje pred ich spr\u00edstupnen\u00edm neopr\u00e1vnen\u00fdm osob\u00e1m,<br>prijat\u00edm vhodn\u00fdch technick\u00fdch a organiza\u010dn\u00fdch opatren\u00ed. Taktie\u017e v\u0161etci zamestnanci prev\u00e1dzkovate\u013ea<br>s\u00fa povinn\u00ed dodr\u017eiava\u0165 ml\u010danlivos\u0165 vo vz\u0165ahu k osobn\u00fdm \u00fadajom.<br>4. Dotknut\u00e1 osoba m\u00e1 pr\u00e1va vymedzen\u00e9 v zmysle ust. \u00a7 19 a nasl. Z\u00e1kona \u010d. 18\/2018 Z.z. o ochrane<br>osobn\u00fdch \u00fadajov v znen\u00ed platn\u00fdch noviel a to konkr\u00e9tne:<br>1. pr\u00e1vo na inform\u00e1cie, ktor\u00e9 je plnen\u00e1 t\u00fdmto obsahom a obchodn\u00fdmi podmienkami,<a href=\"http:\/\/www.nakupujbezpecne.sk\/docs\/form\/odstupenie%20od%20zmluvy.pdf\"><\/a>2. pr\u00e1vo po\u017eadova\u0165 pr\u00edstup k osobn\u00fdm \u00fadajom t\u00fdkaj\u00facich sa dotknutej osoby &#8211; \u00a7 21<br>Z\u00e1kona spo\u010d\u00edva vo Va\u0161om pr\u00e1ve do\u017eadova\u0165 sa ak\u00fdm sp\u00f4sobom a na ak\u00e9 \u00fa\u010dely s\u00fa Va\u0161e \u00fadaje<br>sprac\u00favame, pri\u010dom t\u00fato po\u017eiadavku m\u00f4\u017eete adresova\u0165 na kontaktn\u00fd e-mail.,<br>3. pr\u00e1vo na opravu osobn\u00fdch \u00fadajov &#8211; \u00a7 22 Z\u00e1kona V\u00e1m umo\u017e\u0148uje opravi\u0165 osobn\u00e9<br>\u00fadaje ak s\u00faneaktu\u00e1lne,<br>4. pr\u00e1vo na vymazanie osobn\u00fdch \u00fadajov &#8211; \u00a7 23 Z\u00e1kona vyu\u017eijete v pr\u00edpade ak nem\u00e1te<br>z\u00e1ujem, aby prev\u00e1dzkovate\u013e \u010falej sprac\u00faval osobn\u00e9 \u00fadaje,<br>5. pr\u00e1vo na obmedzenie sprac\u00favania osobn\u00fdch \u00fadajov &#8211; \u00a7 24 Z\u00e1kona uplatn\u00edte v<br>pr\u00edpade ak sadomnievate, \u017ee osobn\u00e9 \u00fadaje boli sprac\u00favan\u00e9 v rozpore so z\u00e1konom,<br>6. pr\u00e1vo namieta\u0165 spracovanie osobn\u00fdch \u00fadajov &#8211; \u00a7 27 Z\u00e1kona,<br>7. pr\u00e1vo na prenosnos\u0165 osobn\u00fdch \u00fadajov,<br>8. pr\u00e1vo poda\u0165 podnet na dozorn\u00fd org\u00e1n vo vz\u0165ahu k sprac\u00favan\u00fdm osobn\u00fdm \u00fadajov.<br>5. Prev\u00e1dzkovate\u013e od kupuj\u00faceho z\u00edskava nasledovn\u00e9 osobn\u00e9 \u00fadaje: titul, meno, priezvisko, adresa,<br>adresa na doru\u010denie, faktura\u010dn\u00e1 adresa, telef\u00f3nne \u010d\u00edslo, e-mailov\u00e1 adresa, ktor\u00e9 s\u00fa sprac\u00favan\u00e9 za<br>\u00fa\u010delom korektn\u00e9ho vybavenia Va\u0161ej objedn\u00e1vky. Tieto osobn\u00e9 \u00fadaje s\u00fa uchov\u00e1van\u00e9 po dobu 10 rokov<br>pre \u00fa\u010dely archiv\u00e1cie. V r\u00e1mci vybavenia objedn\u00e1vky doch\u00e1dza k sprac\u00favaniu osobn\u00fdch \u00fadajov za \u00fa\u010delom<br>vystavenia fakt\u00far, vystavenia skladov\u00fdch (dodac\u00edch) listov, zabezpe\u010denia dopravy ako aj \u00fa\u010dtovania v<br>\u00fa\u010dtovn\u00edctve.<br>\u010cl\u00e1nok XII. N\u00e1hrada \u0161kody pri neprevzat\u00ed tovaru<br>1. Pred\u00e1vaj\u00faci m\u00e1 pr\u00e1vo na n\u00e1hradu \u0161kody (pod\u013ea ust. \u00a7 420 a nasl. Ob\u010dianskeho z\u00e1konn\u00edka), v pr\u00edpade<br>\u017ee si kupuj\u00faci objednal tovar, ktor\u00fd nestornoval resp. neodst\u00fapil od zmluvy a z\u00e1rove\u0148 od dopravcu<br>neprevzal tento tovar alebo po v\u00fdzve pred\u00e1vaj\u00faceho si v pr\u00edpade zvolenia osobn\u00e9ho odberu tovar<br>neprevzal v ur\u010denej lehote na odber. T\u00fdmto konan\u00edm kupuj\u00faci poru\u0161il svoju povinnos\u0165 uveden\u00fa v \u010dl. X<br>bod 2. p\u00edsm, a), pod\u013ea ktor\u00e9ho je kupuj\u00faci povinn\u00fd prevzia\u0165 objednan\u00fd tovar.<br>2. Pri ur\u010dovan\u00ed v\u00fd\u0161ky n\u00e1hrady \u0161kody pred\u00e1vaj\u00faci berie do \u00favahy predov\u0161etk\u00fdm dopravn\u00e9 n\u00e1klady a s<br>t\u00fdm spojen\u00e9 poplatky v pr\u00edpade zaslania tovaru, n\u00e1klady spojen\u00e9 s balen\u00edm, exped\u00edciou a<br>administr\u00e1ciou objedn\u00e1vky ako aj v\u0161etky ostatn\u00e9 n\u00e1klady, ktor\u00e9 mu vznikli s realiz\u00e1ciou predmetnej<br>objedn\u00e1vky a z\u00e1rove\u0148 m\u00e1 pr\u00e1vo si \u00fa\u010dtova\u0165 i u\u0161l\u00fd zisk.<br>3. Pred\u00e1vaj\u00faci m\u00e1 pr\u00e1vo aj neuplatni\u0165 si pr\u00e1vo na n\u00e1hradu \u0161kody alebo si uplatni\u0165 toto pr\u00e1vo len z \u010dasti.<br>\u010cl\u00e1nok XIII. Z\u00e1vere\u010dn\u00e9 ustanovenia<br>1. Pred\u00e1vaj\u00faci si vyhradzuje pr\u00e1vo meni\u0165 a dop\u013a\u0148a\u0165 tieto v\u0161eobecn\u00e9 obchodn\u00e9 podmienky a reklama\u010dn\u00e9<br>podmienky aj bez predch\u00e1dzaj\u00faceho upozornenia kupuj\u00faceho. V pr\u00edpade zmeny v\u0161eobecn\u00fdch<br>obchodn\u00fdch podmienok alebo reklama\u010dn\u00fdch podmienok, sa riadi cel\u00fd proces n\u00e1kupu prostredn\u00edctvom<br>t\u00fdch v\u0161eobecn\u00fdch obchodn\u00fdch podmienok, ktor\u00e9 boli platn\u00e9 v momente odoslania objedn\u00e1vky<br>kupuj\u00facim a tieto s\u00fa pr\u00edstupn\u00e9 na internetovej str\u00e1nke pred\u00e1vaj\u00faceho.<br>2. Neoddelite\u013enou s\u00fa\u010das\u0165ou t\u00fdchto v\u0161eobecn\u00fdch obchodn\u00fdch podmienok s\u00fa aj reklama\u010dn\u00e9 podmienky.<br>3. Odoslan\u00edm objedn\u00e1vky kupuj\u00faci si pre\u010d\u00edtal v\u0161eobecn\u00e9 obchodn\u00e9 podmienky ako aj reklama\u010dn\u00e9<br>podmienky.<br>4. Tieto podmienky boli vypracovan\u00e9 v r\u00e1mci projektu certifik\u00e1cie e-shopu nakupujbezpecne.sk<br>5. Tieto v\u0161eobecn\u00e9 obchodn\u00e9 podmienky a reklama\u010dn\u00e9 podmienky s\u00fa k dispoz\u00edci\u00ed v s\u00eddle spolo\u010dnosti<br>knahliadnutiu kupuj\u00facim, ako aj s\u00fa zverejnen\u00e9 na internetovej str\u00e1nke e-shopu.<br>6. Pokia\u013e spotrebite\u013e nie je spokojn\u00fd so sp\u00f4sobom, ktor\u00fdm pred\u00e1vaj\u00faci vybavil jeho reklam\u00e1ciu alebo<br>ak sa domnieva, \u017ee pred\u00e1vaj\u00faci poru\u0161il jeho pr\u00e1va, m\u00e1 mo\u017enos\u0165 obr\u00e1ti\u0165 sa na pred\u00e1vaj\u00faceho o\u017eiados\u0165ou<br>o n\u00e1pravu. Ak pred\u00e1vaj\u00faci na \u017eiados\u0165 o n\u00e1pravu odpovie zamietavo alebo na \u0148u neodpovie do 30 dn\u00ed<br>odo d\u0148a jej odoslania, spotrebite\u013e m\u00e1 v zmysle \u00a7 12 z\u00e1kona \u010d. 391\/2015 Z.z. o alternat\u00edvnomrie\u0161en\u00ed<br>spotrebite\u013esk\u00fdch sporov a o zmene a doplnen\u00ed niektor\u00fdch z\u00e1konov pr\u00e1vo poda\u0165 n\u00e1vrh na za\u010datie<br>alternat\u00edvneho rie\u0161enia svojho sporu. Pr\u00edslu\u0161n\u00fdm subjektom na alternat\u00edvne rie\u0161enie spotrebite\u013esk\u00fdch<br>sporov s prev\u00e1dzkovate\u013eom e-shopu je Slovensk\u00e1 obchodn\u00e1 in\u0161pekcia (www.soi.sk) alebo in\u00e1 pr\u00edslu\u0161n\u00e1<br>opr\u00e1vnen\u00e1 pr\u00e1vnick\u00e1 osoba zap\u00edsan\u00e1 v zozname subjektov alternat\u00edvneho rie\u0161enia sporov vedenom<br>Ministerstvom hospod\u00e1rstva Slovenskej republiky (http:\/\/www.mhsr.sk\/zoznam-<a href=\"http:\/\/www.mhsr.sk\/zoznam-\"><\/a><a href=\"http:\/\/www.mhsr.sk\/zoznam-\"><\/a>subjektovalternativneho-riesenia-spotrebitelskych-sporov\/146987s), pri\u010dom spotrebite\u013e m\u00e1 pr\u00e1vo<br>vo\u013eby, na ktor\u00fd z uveden\u00fdch subjektov alternat\u00edvneho rie\u0161enia spotrebite\u013esk\u00fdch sporov sa obr\u00e1ti.<br>Spotrebite\u013e z\u00e1rove\u0148 m\u00f4\u017ee na podanie n\u00e1vrhu na alternat\u00edvne rie\u0161enie svojho sporu vyu\u017ei\u0165 platformu<br>pre rie\u0161enie sporov online, ktor\u00e1 je dostupn\u00e1 na http:\/\/ec.europa.eu\/consumers\/odr\/. Inform\u00e1cie o<br>poplatkoch za n\u00e1vrh n\u00e1jde spotrebite\u013e na internetov\u00fdch str\u00e1nkach konkr\u00e9tneho subjektu<br>alternat\u00edvneho rie\u0161enia sporov.<br>7. Inak neupraven\u00e9 vz\u0165ahy v t\u00fdchto v\u0161eobecn\u00fdch obchodn\u00fdch podmienkach ako v ich neoddelite\u013en\u00fdch<br>s\u00fa\u010dastiach (pr\u00edloh\u00e1ch) sa riadia pod\u013ea pr\u00edslu\u0161n\u00fdch ustanoven\u00ed predov\u0161etk\u00fdm Z\u00e1kona \u010d. 40\/1964 Zb,<br>Z\u00e1kona \u010d. 250\/2007 Z.z., Z\u00e1kona \u010d. 102\/2014 Z.z., Z\u00e1kona \u010d. 122\/2013 Z.z., Z\u00e1kona \u010d. 22\/2004 Z.z. ako<br>aj Z\u00e1kona \u010d. 513\/1991 Z.z.<br>8. V pr\u00edpade uzatvorenia inej zmluvy s kupuj\u00facim s in\u00fdmi podmienkami, maj\u00fa podmienky uveden\u00e9 v<br>zmluve prednos\u0165 pred v\u0161eobecn\u00fdmi obchodn\u00fdmi podmienkami.<br>9. Tieto v\u0161eobecn\u00e9 obchodn\u00e9 podmienky vr\u00e1tane ich neoddelite\u013en\u00fdch s\u00fa\u010dast\u00ed nadob\u00fadaj\u00fa platnos\u0165 a<br>\u00fa\u010dinnos\u0165 1.2.2022<\/p>\n","protected":false},"excerpt":{"rendered":"<p>Platnos\u0165 : od 1. marca 20222 Vymedzenie pojmov1. Prev\u00e1dzkovate\u013eom internetovej str\u00e1nky (e-shopu) je ELUN s..r.o, J. Ka\u010dku 11 B\u00e1novce nad Bebravou957 012. Pred\u00e1vaj\u00facim je ELUN s..r.o, J. Ka\u010dku 11 , B\u00e1novce nad Bebravou 957 013. Dod\u00e1vate\u013eom tovarov a slu\u017eieb pon\u00fakan\u00fdch &hellip;<\/p>\n<p class=\"read-more\"> <a class=\"more-link\" href=\"http:\/\/www.elun.sk\/?page_id=79\"> <span class=\"screen-reader-text\">V\u0161eobecn\u00e9 obchodn\u00e9 podmienky<\/span> \u010c\u00edta\u0165 \u010falej &raquo;<\/a><\/p>\n","protected":false},"author":1,"featured_media":0,"parent":0,"menu_order":0,"comment_status":"closed","ping_status":"closed","template":"","meta":{"footnotes":""},"class_list":["post-79","page","type-page","status-publish","hentry"],"jetpack_sharing_enabled":true,"jetpack_likes_enabled":true,"_links":{"self":[{"href":"http:\/\/www.elun.sk\/index.php?rest_route=\/wp\/v2\/pages\/79","targetHints":{"allow":["GET"]}}],"collection":[{"href":"http:\/\/www.elun.sk\/index.php?rest_route=\/wp\/v2\/pages"}],"about":[{"href":"http:\/\/www.elun.sk\/index.php?rest_route=\/wp\/v2\/types\/page"}],"author":[{"embeddable":true,"href":"http:\/\/www.elun.sk\/index.php?rest_route=\/wp\/v2\/users\/1"}],"replies":[{"embeddable":true,"href":"http:\/\/www.elun.sk\/index.php?rest_route=%2Fwp%2Fv2%2Fcomments&post=79"}],"version-history":[{"count":3,"href":"http:\/\/www.elun.sk\/index.php?rest_route=\/wp\/v2\/pages\/79\/revisions"}],"predecessor-version":[{"id":202,"href":"http:\/\/www.elun.sk\/index.php?rest_route=\/wp\/v2\/pages\/79\/revisions\/202"}],"wp:attachment":[{"href":"http:\/\/www.elun.sk\/index.php?rest_route=%2Fwp%2Fv2%2Fmedia&parent=79"}],"curies":[{"name":"wp","href":"https:\/\/api.w.org\/{rel}","templated":true}]}}